{"id":3227,"date":"2025-02-17T18:32:38","date_gmt":"2025-02-17T16:32:38","guid":{"rendered":"https:\/\/www.cobicon.de\/?page_id=3227"},"modified":"2025-07-10T15:36:46","modified_gmt":"2025-07-10T13:36:46","slug":"sap-clean-core","status":"publish","type":"page","link":"https:\/\/www.cobicon.de\/en\/sap-clean-core\/","title":{"rendered":"Clean Core"},"content":{"rendered":"<p>[et_pb_section fb_built=\u201c1\u201d module_class=\u201cpage-height centered\u201d _builder_version=\u201c4.27.4\u201d _module_preset=\u201cdefault\u201d background_color=\u201c#000000\u201d background_image=\u201chttps:\/\/www.cobicon.de\/wp-content\/uploads\/sarah-dorweiler-x2Tmfd1-SgA-unsplash-1-scaled.jpg\u201d min_height=\u201c100vh\u201d custom_padding=\u201c0px||0px||true|false\u201d bottom_divider_height=\u201c5vw\u201d bottom_divider_repeat=\u201c1x\u201d global_colors_info=\u201d{}\u201d][et_pb_row _builder_version=\u201c4.22.0\u201d _module_preset=\u201cdefault\u201d width=\u201c100%\u201d max_width=\u201c100%\u201d global_colors_info=\u201d{}\u201d][et_pb_column type=\u201c4_4\u201d _builder_version=\u201c4.21.0\u201d _module_preset=\u201cdefault\u201d global_colors_info=\u201d{}\u201d][et_pb_text _builder_version=\u201c4.27.4\u201d _module_preset=\u201cdefault\u201d text_text_color=\u201c#9B62A5\u201d header_font=\u201cAnton|||on|||||\u201d text_orientation=\u201ccenter\u201d background_layout=\u201cdark\u201d global_colors_info=\u201d{}\u201d]<\/p>\n<h1><span style=\"color: #7d3089;\">CLEAN CORE<\/span><\/h1>\n<p>[\/et_pb_text][\/et_pb_column][\/et_pb_row][et_pb_row _builder_version=\u201c4.21.0\u201d _module_preset=\u201cdefault\u201d positioning=\u201cabsolute\u201d position_origin_a=\u201cbottom_center\u201d saved_tabs=\u201call\u201d global_colors_info=\u201d{}\u201d][et_pb_column type=\u201c4_4\u201d _builder_version=\u201c4.21.0\u201d _module_preset=\u201cdefault\u201d global_colors_info=\u201d{}\u201d][et_pb_image src=\u201chttps:\/\/www.cobicon.de\/wp-content\/uploads\/\/cobicon-triangle-down-white.svg\u201d url=\u201d#more\u201d align=\u201ccenter\u201d _builder_version=\u201c4.27.4\u201d _module_preset=\u201cdefault\u201d max_width=\u201c30px\u201d global_colors_info=\u201d{}\u201d filter_opacity__hover_enabled=\u201con|hover\u201d filter_opacity__hover=\u201c80%\u201d][\/et_pb_image][\/et_pb_column][\/et_pb_row][\/et_pb_section][et_pb_section fb_built=\u201c1\u201d module_id=\u201cmore\u201d _builder_version=\u201c4.21.0\u201d _module_preset=\u201cdefault\u201d background_enable_color=\u201coff\u201d global_colors_info=\u201d{}\u201d][et_pb_row _builder_version=\u201c4.21.0\u201d _module_preset=\u201cdefault\u201d global_colors_info=\u201d{}\u201d][et_pb_column type=\u201c4_4\u201d _builder_version=\u201c4.18.0\u201d _module_preset=\u201cdefault\u201d global_colors_info=\u201d{}\u201d][et_pb_text _builder_version=\u201c4.27.4\u201d _module_preset=\u201cdefault\u201d text_orientation=\u201ccenter\u201d global_colors_info=\u201d{}\u201d]<\/p>\n<h2>Clean Core<\/h2>\n<p><strong>Your foundation for sustainable and future-proof SAP\u00ae systems<\/strong>[\/et_pb_text][\/et_pb_column][\/et_pb_row][et_pb_row _builder_version=\u201c4.22.0\u201d _module_preset=\u201cdefault\u201d global_colors_info=\u201d{}\u201d][et_pb_column type=\u201c4_4\u201d _builder_version=\u201c4.18.0\u201d _module_preset=\u201cdefault\u201d global_colors_info=\u201d{}\u201d][et_pb_text _builder_version=\u201c4.27.4\u201d _module_preset=\u201cdefault\u201d max_width=\u201c670px\u201d module_alignment=\u201ccenter\u201d animation_direction=\u201cleft\u201d global_colors_info=\u201d{}\u201d]<\/p>\n<p>Clean Core is the principle of making the SAP system landscape as simple and standar\u00addized as possible. It stands for a system that is <strong>up-to-date<\/strong>, <strong>trans\u00adparent<\/strong>, <strong>unmodified<\/strong>, <strong>consistent<\/strong>, <strong>efficient<\/strong>, and <strong>cloud ready<\/strong>. A Clean Core maximizes the use of SAP\u2019s standard processes and avoids unnecessary custo\u00admiza\u00adtions. This <strong>simplifies system maintenance<\/strong>, <strong>enhances agility<\/strong>, and provides a foundation for the rapid integration of new techno\u00adlogies. In the long term, this increases the <strong>maintaina\u00adbility<\/strong>, <strong>flexi\u00adbility<\/strong>, and <strong>future\u00adpro\u00adofing<\/strong> of the system.<\/p>\n<p>[\/et_pb_text][\/et_pb_column][\/et_pb_row][\/et_pb_section][et_pb_section fb_built=\u201c1\u201d _builder_version=\u201c4.21.0\u201d _module_preset=\u201cdefault\u201d global_colors_info=\u201d{}\u201d][et_pb_row _builder_version=\u201c4.21.0\u201d _module_preset=\u201cdefault\u201d global_colors_info=\u201d{}\u201d][et_pb_column type=\u201c4_4\u201d _builder_version=\u201c4.21.0\u201d _module_preset=\u201cdefault\u201d global_colors_info=\u201d{}\u201d][et_pb_text _builder_version=\u201c4.27.4\u201d _module_preset=\u201cdefault\u201d text_orientation=\u201ccenter\u201d global_colors_info=\u201d{}\u201d]<\/p>\n<p>Warum Clean Core?<\/p>\n<h2><strong>\u00dcberblick<\/strong><\/h2>\n<p>[\/et_pb_text][\/et_pb_column][\/et_pb_row][et_pb_row column_structure=\u201c1_2,1_2\u201d _builder_version=\u201c4.21.0\u201d _module_preset=\u201cdefault\u201d max_width=\u201c1500px\u201d custom_padding=\u201c0px|||||\u201d global_colors_info=\u201d{}\u201d][et_pb_column type=\u201c1_2\u201d _builder_version=\u201c4.21.0\u201d _module_preset=\u201cdefault\u201d global_colors_info=\u201d{}\u201d][et_pb_blurb title=\u201cReducing Complexity\u201d use_icon=\u201con\u201d font_icon=\u201c\uf3c4||fa||400\u201d content_max_width=\u201c713px\u201d _builder_version=\u201c4.27.4\u201d _module_preset=\u201cdefault\u201d header_level=\u201ch5\u201d header_font_size=\u201c18px\u201d global_colors_info=\u201d{}\u201d]<\/p>\n<p>The transition to SAP S\/4HANA and the move to a <strong>cloud environment<\/strong> require greater <strong>standar\u00addization<\/strong> and <strong>unifi\u00adcation<\/strong> of business processes. A Clean Core reduces redun\u00addancies and simplifies data models, making your systems less complex and easier to manage. This <strong>increases efficiency<\/strong> and <strong>simplifies your processes<\/strong> without losing function\u00adality.<\/p>\n<p>[\/et_pb_blurb][\/et_pb_column][et_pb_column type=\u201c1_2\u201d _builder_version=\u201c4.21.0\u201d _module_preset=\u201cdefault\u201d global_colors_info=\u201d{}\u201d][et_pb_blurb title=\u201cUpgrade Stability and Lower Opera\u00adtional Costs\u201d use_icon=\u201con\u201d font_icon=\u201c\uf382||fa||900\u201d content_max_width=\u201c713px\u201d _builder_version=\u201c4.27.4\u201d _module_preset=\u201cdefault\u201d header_level=\u201ch5\u201d header_font_size=\u201c18px\u201d global_colors_info=\u201d{}\u201d]<\/p>\n<p>Minimizing custo\u00admiza\u00adtions leads to <strong>higher upgrade stability<\/strong>. Upgrades and feature pack updates become signi\u00adfi\u00adcantly easier and less time-consuming, as systems no longer require extensive manual testing and adjus\u00adt\u00adments. This not only <strong>saves costs<\/strong> but also <strong>reduces the risk<\/strong> of disrup\u00adtions and issues after updates.<\/p>\n<p>[\/et_pb_blurb][\/et_pb_column][\/et_pb_row][et_pb_row column_structure=\u201c1_3,1_3,1_3\u201d _builder_version=\u201c4.27.4\u201d _module_preset=\u201cdefault\u201d max_width=\u201c1500px\u201d global_colors_info=\u201d{}\u201d][et_pb_column type=\u201c1_3\u201d _builder_version=\u201c4.21.0\u201d _module_preset=\u201cdefault\u201d global_colors_info=\u201d{}\u201d][et_pb_blurb title=\u201cFlexibility and Innovation\u201d use_icon=\u201con\u201d font_icon=\u201c\uf7b3||fa||400\u201d content_max_width=\u201c713px\u201d _builder_version=\u201c4.27.4\u201d _module_preset=\u201cdefault\u201d global_colors_info=\u201d{}\u201d]<\/p>\n<p>A Clean Core enables quick responses to new techno\u00adlogies and market demands. With fewer custo\u00admiza\u00adtions, new solutions and innova\u00adtions can be integrated faster. This leads to <strong>greater flexi\u00adbility <\/strong>and<strong> improved innovation<\/strong> <strong>capability<\/strong> within the organization.<\/p>\n<p>[\/et_pb_blurb][\/et_pb_column][et_pb_column type=\u201c1_3\u201d _builder_version=\u201c4.27.4\u201d _module_preset=\u201cdefault\u201d global_colors_info=\u201d{}\u201d][et_pb_blurb title=\u201cSeamless Integration\u201d use_icon=\u201con\u201d font_icon=\u201c\uf6ff||fa||900\u201d content_max_width=\u201c713px\u201d _builder_version=\u201c4.27.4\u201d _module_preset=\u201cdefault\u201d global_colors_info=\u201d{}\u201d]<\/p>\n<p>A Clean Core greatly simplifies <strong>integration with other SAP solutions and external systems<\/strong>. This ensures improved commu\u00adni\u00adcation and colla\u00adbo\u00adration between different solutions, without the risk of compa\u00adti\u00adbility issues caused by complex custo\u00admiza\u00adtions.<\/p>\n<p>[\/et_pb_blurb][\/et_pb_column][et_pb_column type=\u201c1_3\u201d _builder_version=\u201c4.27.4\u201d _module_preset=\u201cdefault\u201d global_colors_info=\u201d{}\u201d][et_pb_blurb title=\u201cScalability and High Perfor\u00admance\u201d use_icon=\u201con\u201d font_icon=\u201c\uf5fd||fa||900\u201d content_max_width=\u201c713px\u201d _builder_version=\u201c4.27.4\u201d _module_preset=\u201cdefault\u201d global_colors_info=\u201d{}\u201d]<\/p>\n<p>With a standar\u00addized SAP system landscape, companies can <strong>grow <\/strong>and<strong> scale faster<\/strong>. A Clean Core provides the necessary foundation to effec\u00adtively handle incre\u00adasing requi\u00adre\u00adments and transaction volumes, without the need for additional, costly develo\u00adp\u00adments.<\/p>\n<p>[\/et_pb_blurb][\/et_pb_column][\/et_pb_row][\/et_pb_section][et_pb_section fb_built=\u201c1\u201d _builder_version=\u201c4.21.0\u201d _module_preset=\u201cdefault\u201d global_colors_info=\u201d{}\u201d][et_pb_row _builder_version=\u201c4.21.0\u201d _module_preset=\u201cdefault\u201d global_colors_info=\u201d{}\u201d][et_pb_column type=\u201c4_4\u201d _builder_version=\u201c4.21.0\u201d _module_preset=\u201cdefault\u201d global_colors_info=\u201d{}\u201d][et_pb_text _builder_version=\u201c4.27.4\u201d _module_preset=\u201cdefault\u201d text_orientation=\u201ccenter\u201d global_colors_info=\u201d{}\u201d]<\/p>\n<p>Clean Core<\/p>\n<h2><strong>What We Can Do for You<\/strong><\/h2>\n<p>[\/et_pb_text][\/et_pb_column][\/et_pb_row][et_pb_row column_structure=\u201c1_2,1_2\u201d _builder_version=\u201c4.21.0\u201d _module_preset=\u201cdefault\u201d max_width=\u201c1500px\u201d custom_padding=\u201c0px|||||\u201d global_colors_info=\u201d{}\u201d][et_pb_column type=\u201c1_2\u201d _builder_version=\u201c4.21.0\u201d _module_preset=\u201cdefault\u201d global_colors_info=\u201d{}\u201d][et_pb_blurb title=\u201cConsulting and Planning\u201d use_icon=\u201con\u201d font_icon=\u201c\uf018||fa||900\u201d content_max_width=\u201c713px\u201d _builder_version=\u201c4.27.4\u201d _module_preset=\u201cdefault\u201d header_level=\u201ch5\u201d header_font_size=\u201c18px\u201d global_colors_info=\u201d{}\u201d]<\/p>\n<p>We assist you in <strong>transi\u00adtioning to a Clean Core<\/strong> and advise you on the best approach to standardize your systems while maintaining flexi\u00adbility. We analyse your current SAP landscape and work with you to develop a <strong>roadmap<\/strong> for a future-proof and efficient SAP environment.<\/p>\n<p>[\/et_pb_blurb][\/et_pb_column][et_pb_column type=\u201c1_2\u201d _builder_version=\u201c4.27.4\u201d _module_preset=\u201cdefault\u201d global_colors_info=\u201d{}\u201d][et_pb_blurb title=\u201cDevelopment and Custo\u00admization\u201d use_icon=\u201con\u201d font_icon=\u201c\uf6cc||fa||400\u201d content_max_width=\u201c713px\u201d _builder_version=\u201c4.27.4\u201d _module_preset=\u201cdefault\u201d header_level=\u201ch5\u201d header_font_size=\u201c18px\u201d global_colors_info=\u201d{}\u201d]<\/p>\n<p>When custom adjus\u00adt\u00adments are necessary, we ensure they align with Clean Core principles. We develop <strong>upgrade-stable exten\u00adsions<\/strong> and seamlessly integrate your existing solutions into the standar\u00addized SAP landscape.<\/p>\n<p>[\/et_pb_blurb][\/et_pb_column][\/et_pb_row][et_pb_row column_structure=\u201c1_2,1_2\u201d _builder_version=\u201c4.21.0\u201d _module_preset=\u201cdefault\u201d max_width=\u201c1500px\u201d custom_padding=\u201c0px|||||\u201d global_colors_info=\u201d{}\u201d][et_pb_column type=\u201c1_2\u201d _builder_version=\u201c4.21.0\u201d _module_preset=\u201cdefault\u201d global_colors_info=\u201d{}\u201d][et_pb_blurb title=\u201cProcess Optimization\u201d use_icon=\u201con\u201d font_icon=\u201c\uf085||fa||900\u201d content_max_width=\u201c713px\u201d _builder_version=\u201c4.27.4\u201d _module_preset=\u201cdefault\u201d header_level=\u201ch5\u201d header_font_size=\u201c18px\u201d global_colors_info=\u201d{}\u201d]<\/p>\n<p>A Clean Core not only means a <strong>simplified system landscape<\/strong> but also <strong>process optimization<\/strong>. We help you streamline processes and implement best practices to achieve <strong>maximum efficiency <\/strong>and<strong> quality<\/strong>.<\/p>\n<p>[\/et_pb_blurb][\/et_pb_column][et_pb_column type=\u201c1_2\u201d _builder_version=\u201c4.27.4\u201d _module_preset=\u201cdefault\u201d global_colors_info=\u201d{}\u201d][et_pb_blurb title=\u201cOperational Support\u201d use_icon=\u201con\u201d font_icon=\u201c\uf0c0||fa||900\u201d content_max_width=\u201c713px\u201d _builder_version=\u201c4.27.4\u201d _module_preset=\u201cdefault\u201d header_level=\u201ch5\u201d header_font_size=\u201c18px\u201d global_colors_info=\u201d{}\u201d]<\/p>\n<p>Even after imple\u00admen\u00adtation, we remain by your side. With our opera\u00adtional support, we ensure that your SAP solutions run smoothly, are conti\u00adnuously improved, and can be updated at any time.<\/p>\n<p>[\/et_pb_blurb][\/et_pb_column][\/et_pb_row][\/et_pb_section][et_pb_section fb_built=\u201c1\u201d module_id=\u201cmore\u201d _builder_version=\u201c4.21.0\u201d _module_preset=\u201cdefault\u201d background_enable_color=\u201coff\u201d global_colors_info=\u201d{}\u201d][et_pb_row _builder_version=\u201c4.21.0\u201d _module_preset=\u201cdefault\u201d global_colors_info=\u201d{}\u201d][et_pb_column type=\u201c4_4\u201d _builder_version=\u201c4.18.0\u201d _module_preset=\u201cdefault\u201d global_colors_info=\u201d{}\u201d][et_pb_text _builder_version=\u201c4.27.4\u201d _module_preset=\u201cdefault\u201d text_orientation=\u201ccenter\u201d global_colors_info=\u201d{}\u201d]<\/p>\n<p>Clean Core<\/p>\n<h2><strong>Interested?<\/strong><\/h2>\n<p>[\/et_pb_text][\/et_pb_column][\/et_pb_row][et_pb_row column_structure=\u201c1_2,1_2\u201d _builder_version=\u201c4.21.0\u201d _module_preset=\u201cdefault\u201d locked=\u201coff\u201d global_colors_info=\u201d{}\u201d][et_pb_column type=\u201c1_2\u201d _builder_version=\u201c4.21.0\u201d _module_preset=\u201cdefault\u201d global_colors_info=\u201d{}\u201d][et_pb_text _builder_version=\u201c4.21.0\u201d _module_preset=\u201cdefault\u201d animation_direction=\u201cleft\u201d global_colors_info=\u201d{}\u201d]<\/p>\n<p>Would you like to transition your SAP system to a Clean Core and benefit from the advan\u00adtages of a standar\u00addized, scalable, and flexible SAP landscape? We are happy to help you simplify your systems and make them future proof.<\/p>\n<p>Do you have questions or need more infor\u00admation? <\/p>\n<p>[\/et_pb_text][\/et_pb_column][et_pb_column type=\u201c1_2\u201d _builder_version=\u201c4.21.0\u201d _module_preset=\u201cdefault\u201d global_colors_info=\u201d{}\u201d][et_pb_image src=\u201chttps:\/\/www.cobicon.de\/wp-content\/uploads\/\/cobicon-sebastian-noetzel-980x654.jpg\u201d title_text=\u201cSebastian N\u00f6tzel\u201d _builder_version=\u201c4.21.0\u201d _module_preset=\u201c8dfb356a-f9da-4f80-b21c-0fad5607e911\u201d global_colors_info=\u201d{}\u201d][\/et_pb_image][et_pb_text _builder_version=\u201c4.21.0\u201d _module_preset=\u201cdefault\u201d text_orientation=\u201ccenter\u201d animation_direction=\u201cleft\u201d global_colors_info=\u201d{}\u201d]<\/p>\n<p>Our expert <strong>Sebastian N\u00f6tzel<\/strong> is happy to assist you.<\/p>\n<p><a href=\"mailto:Sebastian.Noetzel@cobicon.de\">Sebastian.Noetzel@cobicon.de<\/a><\/p>\n<p><a href=\"tel:+491758782097\">+49 175 8782097<\/a><\/p>\n<p>[\/et_pb_text][\/et_pb_column][\/et_pb_row][\/et_pb_section]<\/p>\n","protected":false},"excerpt":{"rendered":"<p>CLEAN COREClean Core Your foundation for sustainable and future-proof SAP\u00ae systemsClean Core is the principle of making the SAP system landscape as simple and standar\u00addized as possible. It stands for a system that is up-to-date, trans\u00adparent, unmodified, consistent, efficient, and cloud ready. A Clean Core maximizes the use of SAP\u2019s standard processes and avoids unnecessary [\u2026]<\/p>\n","protected":false},"author":9,"featured_media":0,"parent":0,"menu_order":0,"comment_status":"closed","ping_status":"closed","template":"","meta":{"_et_pb_use_builder":"on","_et_pb_old_content":"","_et_gb_content_width":"","wp_typography_post_enhancements_disabled":false,"footnotes":""},"difl_page_category":[],"class_list":["post-3227","page","type-page","status-publish","hentry"],"yoast_head":"<!-- This site is optimized with the Yoast SEO plugin v25.4 - https:\/\/yoast.com\/wordpress\/plugins\/seo\/ -->\n<title>Clean Core &#8226; cobicon<\/title>\n<meta name=\"description\" content=\"Clean Core ist das Prinzip, die SAP-Systemlandschaft so einfach und standardisiert wie m\u00f6glich zu gestalten. Es steht f\u00fcr ein System, das up-to-date, transparent, unmodifiziert, konsistent, effizient und cloud-f\u00e4hig ist. Ein Clean Core maximiert die Nutzung der Standardprozesse von SAP und vermeidet unn\u00f6tige Anpassungen.\" \/>\n<meta name=\"robots\" content=\"index, follow, max-snippet:-1, max-image-preview:large, max-video-preview:-1\" \/>\n<link rel=\"canonical\" href=\"https:\/\/www.cobicon.de\/en\/sap-clean-core\/\" \/>\n<meta property=\"og:locale\" content=\"en_US\" \/>\n<meta property=\"og:type\" content=\"article\" \/>\n<meta property=\"og:title\" content=\"Clean Core &#8226; cobicon\" \/>\n<meta property=\"og:description\" content=\"Clean Core ist das Prinzip, die SAP-Systemlandschaft so einfach und standardisiert wie m\u00f6glich zu gestalten. Es steht f\u00fcr ein System, das up-to-date, transparent, unmodifiziert, konsistent, effizient und cloud-f\u00e4hig ist. Ein Clean Core maximiert die Nutzung der Standardprozesse von SAP und vermeidet unn\u00f6tige Anpassungen.\" \/>\n<meta property=\"og:url\" content=\"https:\/\/www.cobicon.de\/en\/sap-clean-core\/\" \/>\n<meta property=\"og:site_name\" content=\"cobicon\" \/>\n<meta property=\"article:modified_time\" content=\"2025-07-10T13:36:46+00:00\" \/>\n<meta name=\"twitter:card\" content=\"summary_large_image\" \/>\n<meta name=\"twitter:label1\" content=\"Est. reading time\" \/>\n\t<meta name=\"twitter:data1\" content=\"3 minutes\" \/>\n<script type=\"application\/ld+json\" class=\"yoast-schema-graph\">{\"@context\":\"https:\/\/schema.org\",\"@graph\":[{\"@type\":\"WebPage\",\"@id\":\"https:\/\/www.cobicon.de\/en\/sap-clean-core\/\",\"url\":\"https:\/\/www.cobicon.de\/en\/sap-clean-core\/\",\"name\":\"Clean Core &#8226; cobicon\",\"isPartOf\":{\"@id\":\"https:\/\/www.cobicon.de\/en\/#website\"},\"datePublished\":\"2025-02-17T16:32:38+00:00\",\"dateModified\":\"2025-07-10T13:36:46+00:00\",\"description\":\"Clean Core ist das Prinzip, die SAP-Systemlandschaft so einfach und standardisiert wie m\u00f6glich zu gestalten. Es steht f\u00fcr ein System, das up-to-date, transparent, unmodifiziert, konsistent, effizient und cloud-f\u00e4hig ist. Ein Clean Core maximiert die Nutzung der Standardprozesse von SAP und vermeidet unn\u00f6tige Anpassungen.\",\"breadcrumb\":{\"@id\":\"https:\/\/www.cobicon.de\/en\/sap-clean-core\/#breadcrumb\"},\"inLanguage\":\"en-US\",\"potentialAction\":[{\"@type\":\"ReadAction\",\"target\":[\"https:\/\/www.cobicon.de\/en\/sap-clean-core\/\"]}]},{\"@type\":\"BreadcrumbList\",\"@id\":\"https:\/\/www.cobicon.de\/en\/sap-clean-core\/#breadcrumb\",\"itemListElement\":[{\"@type\":\"ListItem\",\"position\":1,\"name\":\"Startseite\",\"item\":\"https:\/\/www.cobicon.de\/en\/\"},{\"@type\":\"ListItem\",\"position\":2,\"name\":\"Clean Core\"}]},{\"@type\":\"WebSite\",\"@id\":\"https:\/\/www.cobicon.de\/en\/#website\",\"url\":\"https:\/\/www.cobicon.de\/en\/\",\"name\":\"cobicon\",\"description\":\"SAP Beratung, Consulting &amp; Development\",\"publisher\":{\"@id\":\"https:\/\/www.cobicon.de\/en\/#organization\"},\"potentialAction\":[{\"@type\":\"SearchAction\",\"target\":{\"@type\":\"EntryPoint\",\"urlTemplate\":\"https:\/\/www.cobicon.de\/en\/?s={search_term_string}\"},\"query-input\":{\"@type\":\"PropertyValueSpecification\",\"valueRequired\":true,\"valueName\":\"search_term_string\"}}],\"inLanguage\":\"en-US\"},{\"@type\":\"Organization\",\"@id\":\"https:\/\/www.cobicon.de\/en\/#organization\",\"name\":\"cobicon\",\"url\":\"https:\/\/www.cobicon.de\/en\/\",\"logo\":{\"@type\":\"ImageObject\",\"inLanguage\":\"en-US\",\"@id\":\"https:\/\/www.cobicon.de\/en\/#\/schema\/logo\/image\/\",\"url\":\"https:\/\/www.cobicon.de\/wp-content\/uploads\/cobicon-logo-white.svg\",\"contentUrl\":\"https:\/\/www.cobicon.de\/wp-content\/uploads\/cobicon-logo-white.svg\",\"width\":432,\"height\":106,\"caption\":\"cobicon\"},\"image\":{\"@id\":\"https:\/\/www.cobicon.de\/en\/#\/schema\/logo\/image\/\"}}]}<\/script>\n<!-- \/ Yoast SEO plugin. -->","yoast_head_json":{"title":"Clean Core &#8226; cobicon","description":"Clean Core ist das Prinzip, die SAP-Systemlandschaft so einfach und standardisiert wie m\u00f6glich zu gestalten. Es steht f\u00fcr ein System, das up-to-date, transparent, unmodifiziert, konsistent, effizient und cloud-f\u00e4hig ist. Ein Clean Core maximiert die Nutzung der Standardprozesse von SAP und vermeidet unn\u00f6tige Anpassungen.","robots":{"index":"index","follow":"follow","max-snippet":"max-snippet:-1","max-image-preview":"max-image-preview:large","max-video-preview":"max-video-preview:-1"},"canonical":"https:\/\/www.cobicon.de\/en\/sap-clean-core\/","og_locale":"en_US","og_type":"article","og_title":"Clean Core &#8226; cobicon","og_description":"Clean Core ist das Prinzip, die SAP-Systemlandschaft so einfach und standardisiert wie m\u00f6glich zu gestalten. Es steht f\u00fcr ein System, das up-to-date, transparent, unmodifiziert, konsistent, effizient und cloud-f\u00e4hig ist. Ein Clean Core maximiert die Nutzung der Standardprozesse von SAP und vermeidet unn\u00f6tige Anpassungen.","og_url":"https:\/\/www.cobicon.de\/en\/sap-clean-core\/","og_site_name":"cobicon","article_modified_time":"2025-07-10T13:36:46+00:00","twitter_card":"summary_large_image","twitter_misc":{"Est. reading time":"3 minutes"},"schema":{"@context":"https:\/\/schema.org","@graph":[{"@type":"WebPage","@id":"https:\/\/www.cobicon.de\/en\/sap-clean-core\/","url":"https:\/\/www.cobicon.de\/en\/sap-clean-core\/","name":"Clean Core &#8226; cobicon","isPartOf":{"@id":"https:\/\/www.cobicon.de\/en\/#website"},"datePublished":"2025-02-17T16:32:38+00:00","dateModified":"2025-07-10T13:36:46+00:00","description":"Clean Core ist das Prinzip, die SAP-Systemlandschaft so einfach und standardisiert wie m\u00f6glich zu gestalten. Es steht f\u00fcr ein System, das up-to-date, transparent, unmodifiziert, konsistent, effizient und cloud-f\u00e4hig ist. Ein Clean Core maximiert die Nutzung der Standardprozesse von SAP und vermeidet unn\u00f6tige Anpassungen.","breadcrumb":{"@id":"https:\/\/www.cobicon.de\/en\/sap-clean-core\/#breadcrumb"},"inLanguage":"en-US","potentialAction":[{"@type":"ReadAction","target":["https:\/\/www.cobicon.de\/en\/sap-clean-core\/"]}]},{"@type":"BreadcrumbList","@id":"https:\/\/www.cobicon.de\/en\/sap-clean-core\/#breadcrumb","itemListElement":[{"@type":"ListItem","position":1,"name":"Startseite","item":"https:\/\/www.cobicon.de\/en\/"},{"@type":"ListItem","position":2,"name":"Clean Core"}]},{"@type":"WebSite","@id":"https:\/\/www.cobicon.de\/en\/#website","url":"https:\/\/www.cobicon.de\/en\/","name":"cobicon","description":"SAP Beratung, Consulting &amp; Development","publisher":{"@id":"https:\/\/www.cobicon.de\/en\/#organization"},"potentialAction":[{"@type":"SearchAction","target":{"@type":"EntryPoint","urlTemplate":"https:\/\/www.cobicon.de\/en\/?s={search_term_string}"},"query-input":{"@type":"PropertyValueSpecification","valueRequired":true,"valueName":"search_term_string"}}],"inLanguage":"en-US"},{"@type":"Organization","@id":"https:\/\/www.cobicon.de\/en\/#organization","name":"cobicon","url":"https:\/\/www.cobicon.de\/en\/","logo":{"@type":"ImageObject","inLanguage":"en-US","@id":"https:\/\/www.cobicon.de\/en\/#\/schema\/logo\/image\/","url":"https:\/\/www.cobicon.de\/wp-content\/uploads\/cobicon-logo-white.svg","contentUrl":"https:\/\/www.cobicon.de\/wp-content\/uploads\/cobicon-logo-white.svg","width":432,"height":106,"caption":"cobicon"},"image":{"@id":"https:\/\/www.cobicon.de\/en\/#\/schema\/logo\/image\/"}}]}},"_links":{"self":[{"href":"https:\/\/www.cobicon.de\/en\/wp-json\/wp\/v2\/pages\/3227","targetHints":{"allow":["GET"]}}],"collection":[{"href":"https:\/\/www.cobicon.de\/en\/wp-json\/wp\/v2\/pages"}],"about":[{"href":"https:\/\/www.cobicon.de\/en\/wp-json\/wp\/v2\/types\/page"}],"author":[{"embeddable":true,"href":"https:\/\/www.cobicon.de\/en\/wp-json\/wp\/v2\/users\/9"}],"replies":[{"embeddable":true,"href":"https:\/\/www.cobicon.de\/en\/wp-json\/wp\/v2\/comments?post=3227"}],"version-history":[{"count":24,"href":"https:\/\/www.cobicon.de\/en\/wp-json\/wp\/v2\/pages\/3227\/revisions"}],"predecessor-version":[{"id":4145,"href":"https:\/\/www.cobicon.de\/en\/wp-json\/wp\/v2\/pages\/3227\/revisions\/4145"}],"wp:attachment":[{"href":"https:\/\/www.cobicon.de\/en\/wp-json\/wp\/v2\/media?parent=3227"}],"wp:term":[{"taxonomy":"difl_page_category","embeddable":true,"href":"https:\/\/www.cobicon.de\/en\/wp-json\/wp\/v2\/difl_page_category?post=3227"}],"curies":[{"name":"wp","href":"https:\/\/api.w.org\/{rel}","templated":true}]}}